{"id":340,"date":"2024-12-23T15:23:17","date_gmt":"2024-12-23T14:23:17","guid":{"rendered":"https:\/\/diabetes-companion.de\/?page_id=340"},"modified":"2024-12-23T15:23:18","modified_gmt":"2024-12-23T14:23:18","slug":"disclaimer","status":"publish","type":"page","link":"https:\/\/diabetes-companion.de\/?page_id=340","title":{"rendered":"Disclaimer"},"content":{"rendered":"\n<p>Weder der Herausgeber (Engelmann IT-Services UG haftungsbeschr\u00e4nkt) noch der Autor (Roland Fieger) bieten dem einzelnen Leser professionelle Beratung oder Dienstleistungen an. Die in den Inhalten dieses Blogs enthaltenen Ideen, Methoden und Vorschl\u00e4ge sind nicht als Ersatz f\u00fcr den Besuch Ihres Arztes gedacht. Alle Angelegenheiten, die Ihre Gesundheit betreffen, bed\u00fcrfen der \u00e4rztlichen Kontrolle. Weder der Autor noch der Herausgeber sind haftbar oder verantwortlich f\u00fcr Verluste oder Sch\u00e4den, die sich angeblich aus den Informationen oder Vorschl\u00e4gen aus den Inhalten dieses Blogs ergeben.<\/p>\n\n\n\n<p>Die in den Inhalten dieses Blogs enthaltenen Rezepte wurden f\u00fcr die angegebenen Zutaten und Techniken erstellt. Der Herausgeber ist nicht verantwortlich f\u00fcr Ihre speziellen Gesundheits- oder Allergiebed\u00fcrfnisse, die m\u00f6glicherweise eine \u00dcberwachung der Nahrungsaufnahme erfordern. Der Herausgeber ist auch nicht verantwortlich f\u00fcr eventuelle unerw\u00fcnschte Reaktionen auf die Rezepte in den Inhalten dieses Blogs, unabh\u00e4ngig davon, ob Sie diese wie beschrieben befolgt oder diese dem pers\u00f6nlichen Ern\u00e4hrungsbedarf oder Geschmack angepasst haben. Obwohl die Autoren sich bem\u00fcht haben, Internetadressen und andere Kontaktinformationen anzugeben, die zum Zeitpunkt der Ver\u00f6ffentlichung abrufbar und aktuell waren, \u00fcbernehmen weder der Herausgeber noch die Autoren die Verantwortung f\u00fcr Fehler oder f\u00fcr \u00c4nderungen, die nach der Ver\u00f6ffentlichung auftreten. Dar\u00fcber hinaus hat der Herausgeber keine Kontrolle \u00fcber die Websites der Autoren oder Dritter und \u00fcbernimmt keine Verantwortung f\u00fcr deren Inhalt.<\/p>\n\n\n\n<p>Mit anderen Worten: Mit Diabetes ist nicht zu spa\u00dfen! Auswirkungen und Symptome sind \u2013 von einigen Gemeinsamkeiten abgesehen \u2013 sehr oft individuell. Kl\u00e4ren Sie Ihre M\u00f6glichkeiten unbedingt mit Ihrem Arzt ab. Die Inhalte in diesem Blog k\u00f6nnen und werden diese professionelle medizinische Beratung nicht ersetzen. Die Inhalte dieses Blogs stellen daher ausschlie\u00dflich meine individuellen Erfahrungen und die Ergebnisse der Ma\u00dfnahmen dar, die ich angewandt und\/oder f\u00fcr mich abgewandelt habe.<\/p>\n","protected":false},"excerpt":{"rendered":"<p>Weder der Herausgeber (Engelmann IT-Services UG haftungsbeschr\u00e4nkt) noch der Autor (Roland Fieger) bieten dem einzelnen Leser professionelle Beratung oder Dienstleistungen an. Die in den Inhalten dieses Blogs enthaltenen Ideen, Methoden und Vorschl\u00e4ge sind nicht als Ersatz f\u00fcr den Besuch Ihres Arztes gedacht. Alle Angelegenheiten, die Ihre Gesundheit betreffen, bed\u00fcrfen der \u00e4rztlichen Kontrolle. Weder der Autor [&hellip;]<\/p>\n","protected":false},"author":1,"featured_media":0,"parent":0,"menu_order":0,"comment_status":"closed","ping_status":"closed","template":"","meta":{"_genesis_hide_title":false,"_genesis_hide_breadcrumbs":false,"_genesis_hide_singular_image":false,"_genesis_hide_footer_widgets":false,"_genesis_custom_body_class":"","_genesis_custom_post_class":"","_genesis_layout":"","footnotes":""},"class_list":{"0":"post-340","1":"page","2":"type-page","3":"status-publish","5":"entry"},"yoast_head":"<!-- This site is optimized with the Yoast SEO plugin v23.8 - https:\/\/yoast.com\/wordpress\/plugins\/seo\/ -->\n<title>Disclaimer - Diabetes-Companion<\/title>\n<meta name=\"description\" content=\"Weder der Herausgeber (Engelmann IT-Services UG haftungsbeschr\u00e4nkt) noch der Autor (Roland Fieger) bieten dem einzelnen Leser professionelle Beratung oder Dienstleistungen an.\" \/>\n<meta name=\"robots\" content=\"index, follow, max-snippet:-1, max-image-preview:large, max-video-preview:-1\" \/>\n<link rel=\"canonical\" href=\"https:\/\/diabetes-companion.de\/?page_id=340\" \/>\n<meta property=\"og:locale\" content=\"de_DE\" \/>\n<meta property=\"og:type\" content=\"article\" \/>\n<meta property=\"og:title\" content=\"Disclaimer - Diabetes-Companion\" \/>\n<meta property=\"og:description\" content=\"Weder der Herausgeber (Engelmann IT-Services UG haftungsbeschr\u00e4nkt) noch der Autor (Roland Fieger) bieten dem einzelnen Leser professionelle Beratung oder Dienstleistungen an.\" \/>\n<meta property=\"og:url\" content=\"https:\/\/diabetes-companion.de\/?page_id=340\" \/>\n<meta property=\"og:site_name\" content=\"Diabetes-Companion\" \/>\n<meta property=\"article:modified_time\" content=\"2024-12-23T14:23:18+00:00\" \/>\n<meta name=\"twitter:card\" content=\"summary_large_image\" \/>\n<meta name=\"twitter:label1\" content=\"Gesch\u00e4tzte Lesezeit\" \/>\n\t<meta name=\"twitter:data1\" content=\"2\u00a0Minuten\" \/>\n<script type=\"application\/ld+json\" class=\"yoast-schema-graph\">{\"@context\":\"https:\/\/schema.org\",\"@graph\":[{\"@type\":\"WebPage\",\"@id\":\"https:\/\/diabetes-companion.de\/?page_id=340\",\"url\":\"https:\/\/diabetes-companion.de\/?page_id=340\",\"name\":\"Disclaimer - Diabetes-Companion\",\"isPartOf\":{\"@id\":\"https:\/\/diabetes-companion.de\/#website\"},\"datePublished\":\"2024-12-23T14:23:17+00:00\",\"dateModified\":\"2024-12-23T14:23:18+00:00\",\"description\":\"Weder der Herausgeber (Engelmann IT-Services UG haftungsbeschr\u00e4nkt) noch der Autor (Roland Fieger) bieten dem einzelnen Leser professionelle Beratung oder Dienstleistungen an.\",\"breadcrumb\":{\"@id\":\"https:\/\/diabetes-companion.de\/?page_id=340#breadcrumb\"},\"inLanguage\":\"de\",\"potentialAction\":[{\"@type\":\"ReadAction\",\"target\":[\"https:\/\/diabetes-companion.de\/?page_id=340\"]}]},{\"@type\":\"BreadcrumbList\",\"@id\":\"https:\/\/diabetes-companion.de\/?page_id=340#breadcrumb\",\"itemListElement\":[{\"@type\":\"ListItem\",\"position\":1,\"name\":\"Startseite\",\"item\":\"https:\/\/diabetes-companion.de\/\"},{\"@type\":\"ListItem\",\"position\":2,\"name\":\"Disclaimer\"}]},{\"@type\":\"WebSite\",\"@id\":\"https:\/\/diabetes-companion.de\/#website\",\"url\":\"https:\/\/diabetes-companion.de\/\",\"name\":\"Diabetes-Companion\",\"description\":\"... und trotzdem Spass\",\"publisher\":{\"@id\":\"https:\/\/diabetes-companion.de\/#organization\"},\"potentialAction\":[{\"@type\":\"SearchAction\",\"target\":{\"@type\":\"EntryPoint\",\"urlTemplate\":\"https:\/\/diabetes-companion.de\/?s={search_term_string}\"},\"query-input\":{\"@type\":\"PropertyValueSpecification\",\"valueRequired\":true,\"valueName\":\"search_term_string\"}}],\"inLanguage\":\"de\"},{\"@type\":\"Organization\",\"@id\":\"https:\/\/diabetes-companion.de\/#organization\",\"name\":\"Diabetes-Companion\",\"url\":\"https:\/\/diabetes-companion.de\/\",\"logo\":{\"@type\":\"ImageObject\",\"inLanguage\":\"de\",\"@id\":\"https:\/\/diabetes-companion.de\/#\/schema\/logo\/image\/\",\"url\":\"https:\/\/diabetes-companion.de\/wp-content\/uploads\/2024\/12\/cropped-dc_header_banner-1.png\",\"contentUrl\":\"https:\/\/diabetes-companion.de\/wp-content\/uploads\/2024\/12\/cropped-dc_header_banner-1.png\",\"width\":800,\"height\":83,\"caption\":\"Diabetes-Companion\"},\"image\":{\"@id\":\"https:\/\/diabetes-companion.de\/#\/schema\/logo\/image\/\"}}]}<\/script>\n<!-- \/ Yoast SEO plugin. -->","yoast_head_json":{"title":"Disclaimer - Diabetes-Companion","description":"Weder der Herausgeber (Engelmann IT-Services UG haftungsbeschr\u00e4nkt) noch der Autor (Roland Fieger) bieten dem einzelnen Leser professionelle Beratung oder Dienstleistungen an.","robots":{"index":"index","follow":"follow","max-snippet":"max-snippet:-1","max-image-preview":"max-image-preview:large","max-video-preview":"max-video-preview:-1"},"canonical":"https:\/\/diabetes-companion.de\/?page_id=340","og_locale":"de_DE","og_type":"article","og_title":"Disclaimer - Diabetes-Companion","og_description":"Weder der Herausgeber (Engelmann IT-Services UG haftungsbeschr\u00e4nkt) noch der Autor (Roland Fieger) bieten dem einzelnen Leser professionelle Beratung oder Dienstleistungen an.","og_url":"https:\/\/diabetes-companion.de\/?page_id=340","og_site_name":"Diabetes-Companion","article_modified_time":"2024-12-23T14:23:18+00:00","twitter_card":"summary_large_image","twitter_misc":{"Gesch\u00e4tzte Lesezeit":"2\u00a0Minuten"},"schema":{"@context":"https:\/\/schema.org","@graph":[{"@type":"WebPage","@id":"https:\/\/diabetes-companion.de\/?page_id=340","url":"https:\/\/diabetes-companion.de\/?page_id=340","name":"Disclaimer - Diabetes-Companion","isPartOf":{"@id":"https:\/\/diabetes-companion.de\/#website"},"datePublished":"2024-12-23T14:23:17+00:00","dateModified":"2024-12-23T14:23:18+00:00","description":"Weder der Herausgeber (Engelmann IT-Services UG haftungsbeschr\u00e4nkt) noch der Autor (Roland Fieger) bieten dem einzelnen Leser professionelle Beratung oder Dienstleistungen an.","breadcrumb":{"@id":"https:\/\/diabetes-companion.de\/?page_id=340#breadcrumb"},"inLanguage":"de","potentialAction":[{"@type":"ReadAction","target":["https:\/\/diabetes-companion.de\/?page_id=340"]}]},{"@type":"BreadcrumbList","@id":"https:\/\/diabetes-companion.de\/?page_id=340#breadcrumb","itemListElement":[{"@type":"ListItem","position":1,"name":"Startseite","item":"https:\/\/diabetes-companion.de\/"},{"@type":"ListItem","position":2,"name":"Disclaimer"}]},{"@type":"WebSite","@id":"https:\/\/diabetes-companion.de\/#website","url":"https:\/\/diabetes-companion.de\/","name":"Diabetes-Companion","description":"... und trotzdem Spass","publisher":{"@id":"https:\/\/diabetes-companion.de\/#organization"},"potentialAction":[{"@type":"SearchAction","target":{"@type":"EntryPoint","urlTemplate":"https:\/\/diabetes-companion.de\/?s={search_term_string}"},"query-input":{"@type":"PropertyValueSpecification","valueRequired":true,"valueName":"search_term_string"}}],"inLanguage":"de"},{"@type":"Organization","@id":"https:\/\/diabetes-companion.de\/#organization","name":"Diabetes-Companion","url":"https:\/\/diabetes-companion.de\/","logo":{"@type":"ImageObject","inLanguage":"de","@id":"https:\/\/diabetes-companion.de\/#\/schema\/logo\/image\/","url":"https:\/\/diabetes-companion.de\/wp-content\/uploads\/2024\/12\/cropped-dc_header_banner-1.png","contentUrl":"https:\/\/diabetes-companion.de\/wp-content\/uploads\/2024\/12\/cropped-dc_header_banner-1.png","width":800,"height":83,"caption":"Diabetes-Companion"},"image":{"@id":"https:\/\/diabetes-companion.de\/#\/schema\/logo\/image\/"}}]}},"featured_image_src":null,"featured_image_src_square":null,"_links":{"self":[{"href":"https:\/\/diabetes-companion.de\/index.php?rest_route=\/wp\/v2\/pages\/340","targetHints":{"allow":["GET"]}}],"collection":[{"href":"https:\/\/diabetes-companion.de\/index.php?rest_route=\/wp\/v2\/pages"}],"about":[{"href":"https:\/\/diabetes-companion.de\/index.php?rest_route=\/wp\/v2\/types\/page"}],"author":[{"embeddable":true,"href":"https:\/\/diabetes-companion.de\/index.php?rest_route=\/wp\/v2\/users\/1"}],"replies":[{"embeddable":true,"href":"https:\/\/diabetes-companion.de\/index.php?rest_route=%2Fwp%2Fv2%2Fcomments&post=340"}],"version-history":[{"count":0,"href":"https:\/\/diabetes-companion.de\/index.php?rest_route=\/wp\/v2\/pages\/340\/revisions"}],"wp:attachment":[{"href":"https:\/\/diabetes-companion.de\/index.php?rest_route=%2Fwp%2Fv2%2Fmedia&parent=340"}],"curies":[{"name":"wp","href":"https:\/\/api.w.org\/{rel}","templated":true}]}}