{"id":141,"date":"2025-02-02T10:47:17","date_gmt":"2025-02-02T09:47:17","guid":{"rendered":"https:\/\/diabetes-companion.de\/?page_id=141"},"modified":"2025-02-03T10:47:22","modified_gmt":"2025-02-03T09:47:22","slug":"deskcycle","status":"publish","type":"page","link":"https:\/\/diabetes-companion.de\/?page_id=141","title":{"rendered":"DeskCycle"},"content":{"rendered":"<p>Dar\u00fcber l\u00e4sst sich jetzt trefflich streiten: ein Tretger\u00e4t unter dem Schreibtisch! Man verbrennt w\u00e4hrend der B\u00fcroarbeit Kalorien, st\u00e4rkt die Beinmuskulatur und hat auch noch die sonst im Sitzen vernachl\u00e4ssigte Bewegung. Lassen wir die Kirche mal im Dorf. Das Teil hat seine Berechtigung, vollbringt aber keine Wunder. Wenn man sich mal daran gew\u00f6hnt hat, kann man damit den Tag \u00fcber auch im Sitzen ein paar Kalorien loswerden. Zu hoch sollte der Widerstand allerdings nicht eingestellt werden: Das geht auf Kosten der Konzentration. Das will man auch nicht unbedingt.<\/p>\n<figure>\n\t\t\t\t\t\t\t\t\t\t<img loading=\"lazy\" decoding=\"async\" width=\"496\" height=\"496\" src=\"https:\/\/diabetes-companion.de\/wp-content\/uploads\/2025\/02\/DeskCycle2.jpg\" alt=\"\" srcset=\"https:\/\/diabetes-companion.de\/wp-content\/uploads\/2025\/02\/DeskCycle2.jpg 496w, https:\/\/diabetes-companion.de\/wp-content\/uploads\/2025\/02\/DeskCycle2-300x300.jpg 300w, https:\/\/diabetes-companion.de\/wp-content\/uploads\/2025\/02\/DeskCycle2-150x150.jpg 150w, https:\/\/diabetes-companion.de\/wp-content\/uploads\/2025\/02\/DeskCycle2-100x100.jpg 100w\" sizes=\"auto, (max-width: 496px) 100vw, 496px\" \/><figcaption>Das DeskCycle 2 bietet ausreichend Widerstand<\/figcaption><\/figure>\n<h2>Vollgas auf Wunsch<\/h2>\n<p>Beim Kauf muss man zus\u00e4tzlich darauf achten, dass man eine Version mit ausreichend Tretwiderstand nimmt. Den Versprechungen der Hersteller \u2013 in der Regel kommt das Zeug aus China \u2013 sollte man da nur bedingt Glauben schenken. Informieren Sie sich \u00fcber die Kundenrezensionen. Dann kann man das Ding auch mal f\u00fcr ein kleines Workout verwenden und schon mal ins Schwitzen kommen.<\/p>\n<h2>Fazit<\/h2>\n<p>Wunder darf man sich nicht erwarten. Ich halte das f\u00fcr eine gute Erg\u00e4nzung zu den anderen Fitness-Aktivit\u00e4ten. Eine kleine Anzeige f\u00fcr zur\u00fcckgelegte Entfernung, Zeit und Geschwindigkeit wird mitgeliefert. Das Ding zeigt auch Kalorien an \u2013 das vergessen Sie am besten gleich wieder. Ein eigener Rechner des Herstellers im Internet soll deutlich bessere Sch\u00e4tzungen liefern (Herstelleraussage).<\/p>\n","protected":false},"excerpt":{"rendered":"<p>Dar\u00fcber l\u00e4sst sich jetzt trefflich streiten: ein Tretger\u00e4t unter dem Schreibtisch! Man verbrennt w\u00e4hrend der B\u00fcroarbeit Kalorien, st\u00e4rkt die Beinmuskulatur und hat auch noch die sonst im Sitzen vernachl\u00e4ssigte Bewegung. Lassen wir die Kirche mal im Dorf. Das Teil hat seine Berechtigung, vollbringt aber keine Wunder. Wenn man sich mal daran gew\u00f6hnt hat, kann man [&hellip;]<\/p>\n","protected":false},"author":1,"featured_media":0,"parent":0,"menu_order":0,"comment_status":"closed","ping_status":"closed","template":"","meta":{"_genesis_hide_title":false,"_genesis_hide_breadcrumbs":false,"_genesis_hide_singular_image":false,"_genesis_hide_footer_widgets":false,"_genesis_custom_body_class":"","_genesis_custom_post_class":"","_genesis_layout":"","footnotes":""},"class_list":{"0":"post-141","1":"page","2":"type-page","3":"status-publish","5":"entry"},"yoast_head":"<!-- This site is optimized with the Yoast SEO plugin v23.8 - https:\/\/yoast.com\/wordpress\/plugins\/seo\/ -->\n<title>DeskCycle - Diabetes-Companion<\/title>\n<meta name=\"robots\" content=\"index, follow, max-snippet:-1, max-image-preview:large, max-video-preview:-1\" \/>\n<link rel=\"canonical\" href=\"https:\/\/diabetes-companion.de\/?page_id=141\" \/>\n<meta property=\"og:locale\" content=\"de_DE\" \/>\n<meta property=\"og:type\" content=\"article\" \/>\n<meta property=\"og:title\" content=\"DeskCycle - Diabetes-Companion\" \/>\n<meta property=\"og:description\" content=\"Dar\u00fcber l\u00e4sst sich jetzt trefflich streiten: ein Tretger\u00e4t unter dem Schreibtisch! Man verbrennt w\u00e4hrend der B\u00fcroarbeit Kalorien, st\u00e4rkt die Beinmuskulatur und hat auch noch die sonst im Sitzen vernachl\u00e4ssigte Bewegung. Lassen wir die Kirche mal im Dorf. Das Teil hat seine Berechtigung, vollbringt aber keine Wunder. Wenn man sich mal daran gew\u00f6hnt hat, kann man [&hellip;]\" \/>\n<meta property=\"og:url\" content=\"https:\/\/diabetes-companion.de\/?page_id=141\" \/>\n<meta property=\"og:site_name\" content=\"Diabetes-Companion\" \/>\n<meta property=\"article:modified_time\" content=\"2025-02-03T09:47:22+00:00\" \/>\n<meta property=\"og:image\" content=\"https:\/\/diabetes-companion.de\/wp-content\/uploads\/2025\/02\/DeskCycle2.jpg\" \/>\n<meta name=\"twitter:card\" content=\"summary_large_image\" \/>\n<meta name=\"twitter:label1\" content=\"Gesch\u00e4tzte Lesezeit\" \/>\n\t<meta name=\"twitter:data1\" content=\"2\u00a0Minuten\" \/>\n<script type=\"application\/ld+json\" class=\"yoast-schema-graph\">{\"@context\":\"https:\/\/schema.org\",\"@graph\":[{\"@type\":\"WebPage\",\"@id\":\"https:\/\/diabetes-companion.de\/?page_id=141\",\"url\":\"https:\/\/diabetes-companion.de\/?page_id=141\",\"name\":\"DeskCycle - Diabetes-Companion\",\"isPartOf\":{\"@id\":\"https:\/\/diabetes-companion.de\/#website\"},\"primaryImageOfPage\":{\"@id\":\"https:\/\/diabetes-companion.de\/?page_id=141#primaryimage\"},\"image\":{\"@id\":\"https:\/\/diabetes-companion.de\/?page_id=141#primaryimage\"},\"thumbnailUrl\":\"https:\/\/diabetes-companion.de\/wp-content\/uploads\/2025\/02\/DeskCycle2.jpg\",\"datePublished\":\"2025-02-02T09:47:17+00:00\",\"dateModified\":\"2025-02-03T09:47:22+00:00\",\"breadcrumb\":{\"@id\":\"https:\/\/diabetes-companion.de\/?page_id=141#breadcrumb\"},\"inLanguage\":\"de\",\"potentialAction\":[{\"@type\":\"ReadAction\",\"target\":[\"https:\/\/diabetes-companion.de\/?page_id=141\"]}]},{\"@type\":\"ImageObject\",\"inLanguage\":\"de\",\"@id\":\"https:\/\/diabetes-companion.de\/?page_id=141#primaryimage\",\"url\":\"https:\/\/diabetes-companion.de\/wp-content\/uploads\/2025\/02\/DeskCycle2.jpg\",\"contentUrl\":\"https:\/\/diabetes-companion.de\/wp-content\/uploads\/2025\/02\/DeskCycle2.jpg\",\"width\":496,\"height\":496},{\"@type\":\"BreadcrumbList\",\"@id\":\"https:\/\/diabetes-companion.de\/?page_id=141#breadcrumb\",\"itemListElement\":[{\"@type\":\"ListItem\",\"position\":1,\"name\":\"Startseite\",\"item\":\"https:\/\/diabetes-companion.de\/\"},{\"@type\":\"ListItem\",\"position\":2,\"name\":\"DeskCycle\"}]},{\"@type\":\"WebSite\",\"@id\":\"https:\/\/diabetes-companion.de\/#website\",\"url\":\"https:\/\/diabetes-companion.de\/\",\"name\":\"Diabetes-Companion\",\"description\":\"... und trotzdem Spass\",\"publisher\":{\"@id\":\"https:\/\/diabetes-companion.de\/#organization\"},\"potentialAction\":[{\"@type\":\"SearchAction\",\"target\":{\"@type\":\"EntryPoint\",\"urlTemplate\":\"https:\/\/diabetes-companion.de\/?s={search_term_string}\"},\"query-input\":{\"@type\":\"PropertyValueSpecification\",\"valueRequired\":true,\"valueName\":\"search_term_string\"}}],\"inLanguage\":\"de\"},{\"@type\":\"Organization\",\"@id\":\"https:\/\/diabetes-companion.de\/#organization\",\"name\":\"Diabetes-Companion\",\"url\":\"https:\/\/diabetes-companion.de\/\",\"logo\":{\"@type\":\"ImageObject\",\"inLanguage\":\"de\",\"@id\":\"https:\/\/diabetes-companion.de\/#\/schema\/logo\/image\/\",\"url\":\"https:\/\/diabetes-companion.de\/wp-content\/uploads\/2024\/12\/cropped-dc_header_banner-1.png\",\"contentUrl\":\"https:\/\/diabetes-companion.de\/wp-content\/uploads\/2024\/12\/cropped-dc_header_banner-1.png\",\"width\":800,\"height\":83,\"caption\":\"Diabetes-Companion\"},\"image\":{\"@id\":\"https:\/\/diabetes-companion.de\/#\/schema\/logo\/image\/\"}}]}<\/script>\n<!-- \/ Yoast SEO plugin. -->","yoast_head_json":{"title":"DeskCycle - Diabetes-Companion","robots":{"index":"index","follow":"follow","max-snippet":"max-snippet:-1","max-image-preview":"max-image-preview:large","max-video-preview":"max-video-preview:-1"},"canonical":"https:\/\/diabetes-companion.de\/?page_id=141","og_locale":"de_DE","og_type":"article","og_title":"DeskCycle - Diabetes-Companion","og_description":"Dar\u00fcber l\u00e4sst sich jetzt trefflich streiten: ein Tretger\u00e4t unter dem Schreibtisch! Man verbrennt w\u00e4hrend der B\u00fcroarbeit Kalorien, st\u00e4rkt die Beinmuskulatur und hat auch noch die sonst im Sitzen vernachl\u00e4ssigte Bewegung. Lassen wir die Kirche mal im Dorf. Das Teil hat seine Berechtigung, vollbringt aber keine Wunder. Wenn man sich mal daran gew\u00f6hnt hat, kann man [&hellip;]","og_url":"https:\/\/diabetes-companion.de\/?page_id=141","og_site_name":"Diabetes-Companion","article_modified_time":"2025-02-03T09:47:22+00:00","og_image":[{"url":"https:\/\/diabetes-companion.de\/wp-content\/uploads\/2025\/02\/DeskCycle2.jpg"}],"twitter_card":"summary_large_image","twitter_misc":{"Gesch\u00e4tzte Lesezeit":"2\u00a0Minuten"},"schema":{"@context":"https:\/\/schema.org","@graph":[{"@type":"WebPage","@id":"https:\/\/diabetes-companion.de\/?page_id=141","url":"https:\/\/diabetes-companion.de\/?page_id=141","name":"DeskCycle - Diabetes-Companion","isPartOf":{"@id":"https:\/\/diabetes-companion.de\/#website"},"primaryImageOfPage":{"@id":"https:\/\/diabetes-companion.de\/?page_id=141#primaryimage"},"image":{"@id":"https:\/\/diabetes-companion.de\/?page_id=141#primaryimage"},"thumbnailUrl":"https:\/\/diabetes-companion.de\/wp-content\/uploads\/2025\/02\/DeskCycle2.jpg","datePublished":"2025-02-02T09:47:17+00:00","dateModified":"2025-02-03T09:47:22+00:00","breadcrumb":{"@id":"https:\/\/diabetes-companion.de\/?page_id=141#breadcrumb"},"inLanguage":"de","potentialAction":[{"@type":"ReadAction","target":["https:\/\/diabetes-companion.de\/?page_id=141"]}]},{"@type":"ImageObject","inLanguage":"de","@id":"https:\/\/diabetes-companion.de\/?page_id=141#primaryimage","url":"https:\/\/diabetes-companion.de\/wp-content\/uploads\/2025\/02\/DeskCycle2.jpg","contentUrl":"https:\/\/diabetes-companion.de\/wp-content\/uploads\/2025\/02\/DeskCycle2.jpg","width":496,"height":496},{"@type":"BreadcrumbList","@id":"https:\/\/diabetes-companion.de\/?page_id=141#breadcrumb","itemListElement":[{"@type":"ListItem","position":1,"name":"Startseite","item":"https:\/\/diabetes-companion.de\/"},{"@type":"ListItem","position":2,"name":"DeskCycle"}]},{"@type":"WebSite","@id":"https:\/\/diabetes-companion.de\/#website","url":"https:\/\/diabetes-companion.de\/","name":"Diabetes-Companion","description":"... und trotzdem Spass","publisher":{"@id":"https:\/\/diabetes-companion.de\/#organization"},"potentialAction":[{"@type":"SearchAction","target":{"@type":"EntryPoint","urlTemplate":"https:\/\/diabetes-companion.de\/?s={search_term_string}"},"query-input":{"@type":"PropertyValueSpecification","valueRequired":true,"valueName":"search_term_string"}}],"inLanguage":"de"},{"@type":"Organization","@id":"https:\/\/diabetes-companion.de\/#organization","name":"Diabetes-Companion","url":"https:\/\/diabetes-companion.de\/","logo":{"@type":"ImageObject","inLanguage":"de","@id":"https:\/\/diabetes-companion.de\/#\/schema\/logo\/image\/","url":"https:\/\/diabetes-companion.de\/wp-content\/uploads\/2024\/12\/cropped-dc_header_banner-1.png","contentUrl":"https:\/\/diabetes-companion.de\/wp-content\/uploads\/2024\/12\/cropped-dc_header_banner-1.png","width":800,"height":83,"caption":"Diabetes-Companion"},"image":{"@id":"https:\/\/diabetes-companion.de\/#\/schema\/logo\/image\/"}}]}},"featured_image_src":null,"featured_image_src_square":null,"_links":{"self":[{"href":"https:\/\/diabetes-companion.de\/index.php?rest_route=\/wp\/v2\/pages\/141","targetHints":{"allow":["GET"]}}],"collection":[{"href":"https:\/\/diabetes-companion.de\/index.php?rest_route=\/wp\/v2\/pages"}],"about":[{"href":"https:\/\/diabetes-companion.de\/index.php?rest_route=\/wp\/v2\/types\/page"}],"author":[{"embeddable":true,"href":"https:\/\/diabetes-companion.de\/index.php?rest_route=\/wp\/v2\/users\/1"}],"replies":[{"embeddable":true,"href":"https:\/\/diabetes-companion.de\/index.php?rest_route=%2Fwp%2Fv2%2Fcomments&post=141"}],"version-history":[{"count":0,"href":"https:\/\/diabetes-companion.de\/index.php?rest_route=\/wp\/v2\/pages\/141\/revisions"}],"wp:attachment":[{"href":"https:\/\/diabetes-companion.de\/index.php?rest_route=%2Fwp%2Fv2%2Fmedia&parent=141"}],"curies":[{"name":"wp","href":"https:\/\/api.w.org\/{rel}","templated":true}]}}