{"id":140,"date":"2024-05-26T12:42:55","date_gmt":"2024-05-26T12:42:55","guid":{"rendered":"https:\/\/diabetes-companion.de\/?page_id=140"},"modified":"2025-01-05T19:13:38","modified_gmt":"2025-01-05T18:13:38","slug":"bueroausstattung","status":"publish","type":"page","link":"https:\/\/diabetes-companion.de\/?page_id=140","title":{"rendered":"Schuhe"},"content":{"rendered":"<figure><img loading=\"lazy\" decoding=\"async\" width=\"1024\" height=\"538\" src=\"https:\/\/diabetes-companion.de\/wp-content\/uploads\/2025\/01\/Schuhe_fliegen-e1736100360258.webp\" alt=\"\" \/><\/figure><p>Bisserl \u00fcbertrieben. Dennoch: Schuhe sollten sich beim Laufen sehr gut anf\u00fchlen.<\/p>\t\t\t\t\n\t\t<p>Laufen = Schuhe! Und die sind wichtig. Wenn Sie sich noch nicht sicher sind, ob Laufen wirklich ganz Ihr Ding sein wird: Legen Sie sich erst mal ein paar g\u00fcnstige Schuhe zu. Eines sollte klar sein: Die Billigen sind eine Investition in Erkenntnisgewinn \u2013 sonst nichts. Wenn Sie dabei bleiben, sollten Sie unbedingt in gutes Schuhwerk investieren. 100 Euro und mehr sind da kein Problem. Probieren Sie die Schuhe intensiv aus und gehen Sie im Laden ein paar Runden. Vom Einkauf im Internet rate ich beim ersten Paar ab.<br \/>Gute Schuhe f\u00fchlen sich an wie Wolken, auf denen man dahintrabt. Sie halten ein Jahr durch und sollten dar\u00fcber hinaus atmungsaktiv sein. Gleichzeitig muss guter Halt in den Schuhen gew\u00e4hrleistet sein.<\/p><p><!-- \/wp:paragraph --><\/p><p><!-- wp:paragraph --><\/p><p><!-- \/wp:paragraph --><\/p>","protected":false},"excerpt":{"rendered":"<p>Bisserl \u00fcbertrieben. Dennoch: Schuhe sollten sich beim Laufen sehr gut anf\u00fchlen. Laufen = Schuhe! Und die sind wichtig. Wenn Sie sich noch nicht sicher sind, ob Laufen wirklich ganz Ihr Ding sein wird: Legen Sie sich erst mal ein paar g\u00fcnstige Schuhe zu. Eines sollte klar sein: Die Billigen sind eine Investition in Erkenntnisgewinn \u2013 [&hellip;]<\/p>\n","protected":false},"author":1,"featured_media":0,"parent":0,"menu_order":0,"comment_status":"closed","ping_status":"closed","template":"","meta":{"_genesis_hide_title":false,"_genesis_hide_breadcrumbs":false,"_genesis_hide_singular_image":false,"_genesis_hide_footer_widgets":false,"_genesis_custom_body_class":"","_genesis_custom_post_class":"","_genesis_layout":"","footnotes":""},"class_list":{"0":"post-140","1":"page","2":"type-page","3":"status-publish","5":"entry"},"yoast_head":"<!-- This site is optimized with the Yoast SEO plugin v23.8 - https:\/\/yoast.com\/wordpress\/plugins\/seo\/ -->\n<title>Schuhe - Diabetes-Companion<\/title>\n<meta name=\"robots\" content=\"index, follow, max-snippet:-1, max-image-preview:large, max-video-preview:-1\" \/>\n<link rel=\"canonical\" href=\"https:\/\/diabetes-companion.de\/?page_id=140\" \/>\n<meta property=\"og:locale\" content=\"de_DE\" \/>\n<meta property=\"og:type\" content=\"article\" \/>\n<meta property=\"og:title\" content=\"Schuhe - Diabetes-Companion\" \/>\n<meta property=\"og:description\" content=\"Bisserl \u00fcbertrieben. Dennoch: Schuhe sollten sich beim Laufen sehr gut anf\u00fchlen. Laufen = Schuhe! Und die sind wichtig. Wenn Sie sich noch nicht sicher sind, ob Laufen wirklich ganz Ihr Ding sein wird: Legen Sie sich erst mal ein paar g\u00fcnstige Schuhe zu. Eines sollte klar sein: Die Billigen sind eine Investition in Erkenntnisgewinn \u2013 [&hellip;]\" \/>\n<meta property=\"og:url\" content=\"https:\/\/diabetes-companion.de\/?page_id=140\" \/>\n<meta property=\"og:site_name\" content=\"Diabetes-Companion\" \/>\n<meta property=\"article:modified_time\" content=\"2025-01-05T18:13:38+00:00\" \/>\n<meta property=\"og:image\" content=\"https:\/\/diabetes-companion.de\/wp-content\/uploads\/2025\/01\/Schuhe_fliegen-e1736100360258.webp\" \/>\n\t<meta property=\"og:image:width\" content=\"1024\" \/>\n\t<meta property=\"og:image:height\" content=\"538\" \/>\n\t<meta property=\"og:image:type\" content=\"image\/webp\" \/>\n<meta name=\"twitter:card\" content=\"summary_large_image\" \/>\n<meta name=\"twitter:label1\" content=\"Gesch\u00e4tzte Lesezeit\" \/>\n\t<meta name=\"twitter:data1\" content=\"1\u00a0Minute\" \/>\n<script type=\"application\/ld+json\" class=\"yoast-schema-graph\">{\"@context\":\"https:\/\/schema.org\",\"@graph\":[{\"@type\":\"WebPage\",\"@id\":\"https:\/\/diabetes-companion.de\/?page_id=140\",\"url\":\"https:\/\/diabetes-companion.de\/?page_id=140\",\"name\":\"Schuhe - Diabetes-Companion\",\"isPartOf\":{\"@id\":\"https:\/\/diabetes-companion.de\/#website\"},\"primaryImageOfPage\":{\"@id\":\"https:\/\/diabetes-companion.de\/?page_id=140#primaryimage\"},\"image\":{\"@id\":\"https:\/\/diabetes-companion.de\/?page_id=140#primaryimage\"},\"thumbnailUrl\":\"https:\/\/diabetes-companion.de\/wp-content\/uploads\/2025\/01\/Schuhe_fliegen-e1736100360258.webp\",\"datePublished\":\"2024-05-26T12:42:55+00:00\",\"dateModified\":\"2025-01-05T18:13:38+00:00\",\"breadcrumb\":{\"@id\":\"https:\/\/diabetes-companion.de\/?page_id=140#breadcrumb\"},\"inLanguage\":\"de\",\"potentialAction\":[{\"@type\":\"ReadAction\",\"target\":[\"https:\/\/diabetes-companion.de\/?page_id=140\"]}]},{\"@type\":\"ImageObject\",\"inLanguage\":\"de\",\"@id\":\"https:\/\/diabetes-companion.de\/?page_id=140#primaryimage\",\"url\":\"https:\/\/diabetes-companion.de\/wp-content\/uploads\/2025\/01\/Schuhe_fliegen-e1736100360258.webp\",\"contentUrl\":\"https:\/\/diabetes-companion.de\/wp-content\/uploads\/2025\/01\/Schuhe_fliegen-e1736100360258.webp\",\"width\":1024,\"height\":538},{\"@type\":\"BreadcrumbList\",\"@id\":\"https:\/\/diabetes-companion.de\/?page_id=140#breadcrumb\",\"itemListElement\":[{\"@type\":\"ListItem\",\"position\":1,\"name\":\"Startseite\",\"item\":\"https:\/\/diabetes-companion.de\/\"},{\"@type\":\"ListItem\",\"position\":2,\"name\":\"Schuhe\"}]},{\"@type\":\"WebSite\",\"@id\":\"https:\/\/diabetes-companion.de\/#website\",\"url\":\"https:\/\/diabetes-companion.de\/\",\"name\":\"Diabetes-Companion\",\"description\":\"... und trotzdem Spass\",\"publisher\":{\"@id\":\"https:\/\/diabetes-companion.de\/#organization\"},\"potentialAction\":[{\"@type\":\"SearchAction\",\"target\":{\"@type\":\"EntryPoint\",\"urlTemplate\":\"https:\/\/diabetes-companion.de\/?s={search_term_string}\"},\"query-input\":{\"@type\":\"PropertyValueSpecification\",\"valueRequired\":true,\"valueName\":\"search_term_string\"}}],\"inLanguage\":\"de\"},{\"@type\":\"Organization\",\"@id\":\"https:\/\/diabetes-companion.de\/#organization\",\"name\":\"Diabetes-Companion\",\"url\":\"https:\/\/diabetes-companion.de\/\",\"logo\":{\"@type\":\"ImageObject\",\"inLanguage\":\"de\",\"@id\":\"https:\/\/diabetes-companion.de\/#\/schema\/logo\/image\/\",\"url\":\"https:\/\/diabetes-companion.de\/wp-content\/uploads\/2024\/12\/cropped-dc_header_banner-1.png\",\"contentUrl\":\"https:\/\/diabetes-companion.de\/wp-content\/uploads\/2024\/12\/cropped-dc_header_banner-1.png\",\"width\":800,\"height\":83,\"caption\":\"Diabetes-Companion\"},\"image\":{\"@id\":\"https:\/\/diabetes-companion.de\/#\/schema\/logo\/image\/\"}}]}<\/script>\n<!-- \/ Yoast SEO plugin. -->","yoast_head_json":{"title":"Schuhe - Diabetes-Companion","robots":{"index":"index","follow":"follow","max-snippet":"max-snippet:-1","max-image-preview":"max-image-preview:large","max-video-preview":"max-video-preview:-1"},"canonical":"https:\/\/diabetes-companion.de\/?page_id=140","og_locale":"de_DE","og_type":"article","og_title":"Schuhe - Diabetes-Companion","og_description":"Bisserl \u00fcbertrieben. Dennoch: Schuhe sollten sich beim Laufen sehr gut anf\u00fchlen. Laufen = Schuhe! Und die sind wichtig. Wenn Sie sich noch nicht sicher sind, ob Laufen wirklich ganz Ihr Ding sein wird: Legen Sie sich erst mal ein paar g\u00fcnstige Schuhe zu. Eines sollte klar sein: Die Billigen sind eine Investition in Erkenntnisgewinn \u2013 [&hellip;]","og_url":"https:\/\/diabetes-companion.de\/?page_id=140","og_site_name":"Diabetes-Companion","article_modified_time":"2025-01-05T18:13:38+00:00","og_image":[{"width":1024,"height":538,"url":"https:\/\/diabetes-companion.de\/wp-content\/uploads\/2025\/01\/Schuhe_fliegen-e1736100360258.webp","type":"image\/webp"}],"twitter_card":"summary_large_image","twitter_misc":{"Gesch\u00e4tzte Lesezeit":"1\u00a0Minute"},"schema":{"@context":"https:\/\/schema.org","@graph":[{"@type":"WebPage","@id":"https:\/\/diabetes-companion.de\/?page_id=140","url":"https:\/\/diabetes-companion.de\/?page_id=140","name":"Schuhe - Diabetes-Companion","isPartOf":{"@id":"https:\/\/diabetes-companion.de\/#website"},"primaryImageOfPage":{"@id":"https:\/\/diabetes-companion.de\/?page_id=140#primaryimage"},"image":{"@id":"https:\/\/diabetes-companion.de\/?page_id=140#primaryimage"},"thumbnailUrl":"https:\/\/diabetes-companion.de\/wp-content\/uploads\/2025\/01\/Schuhe_fliegen-e1736100360258.webp","datePublished":"2024-05-26T12:42:55+00:00","dateModified":"2025-01-05T18:13:38+00:00","breadcrumb":{"@id":"https:\/\/diabetes-companion.de\/?page_id=140#breadcrumb"},"inLanguage":"de","potentialAction":[{"@type":"ReadAction","target":["https:\/\/diabetes-companion.de\/?page_id=140"]}]},{"@type":"ImageObject","inLanguage":"de","@id":"https:\/\/diabetes-companion.de\/?page_id=140#primaryimage","url":"https:\/\/diabetes-companion.de\/wp-content\/uploads\/2025\/01\/Schuhe_fliegen-e1736100360258.webp","contentUrl":"https:\/\/diabetes-companion.de\/wp-content\/uploads\/2025\/01\/Schuhe_fliegen-e1736100360258.webp","width":1024,"height":538},{"@type":"BreadcrumbList","@id":"https:\/\/diabetes-companion.de\/?page_id=140#breadcrumb","itemListElement":[{"@type":"ListItem","position":1,"name":"Startseite","item":"https:\/\/diabetes-companion.de\/"},{"@type":"ListItem","position":2,"name":"Schuhe"}]},{"@type":"WebSite","@id":"https:\/\/diabetes-companion.de\/#website","url":"https:\/\/diabetes-companion.de\/","name":"Diabetes-Companion","description":"... und trotzdem Spass","publisher":{"@id":"https:\/\/diabetes-companion.de\/#organization"},"potentialAction":[{"@type":"SearchAction","target":{"@type":"EntryPoint","urlTemplate":"https:\/\/diabetes-companion.de\/?s={search_term_string}"},"query-input":{"@type":"PropertyValueSpecification","valueRequired":true,"valueName":"search_term_string"}}],"inLanguage":"de"},{"@type":"Organization","@id":"https:\/\/diabetes-companion.de\/#organization","name":"Diabetes-Companion","url":"https:\/\/diabetes-companion.de\/","logo":{"@type":"ImageObject","inLanguage":"de","@id":"https:\/\/diabetes-companion.de\/#\/schema\/logo\/image\/","url":"https:\/\/diabetes-companion.de\/wp-content\/uploads\/2024\/12\/cropped-dc_header_banner-1.png","contentUrl":"https:\/\/diabetes-companion.de\/wp-content\/uploads\/2024\/12\/cropped-dc_header_banner-1.png","width":800,"height":83,"caption":"Diabetes-Companion"},"image":{"@id":"https:\/\/diabetes-companion.de\/#\/schema\/logo\/image\/"}}]}},"featured_image_src":null,"featured_image_src_square":null,"_links":{"self":[{"href":"https:\/\/diabetes-companion.de\/index.php?rest_route=\/wp\/v2\/pages\/140","targetHints":{"allow":["GET"]}}],"collection":[{"href":"https:\/\/diabetes-companion.de\/index.php?rest_route=\/wp\/v2\/pages"}],"about":[{"href":"https:\/\/diabetes-companion.de\/index.php?rest_route=\/wp\/v2\/types\/page"}],"author":[{"embeddable":true,"href":"https:\/\/diabetes-companion.de\/index.php?rest_route=\/wp\/v2\/users\/1"}],"replies":[{"embeddable":true,"href":"https:\/\/diabetes-companion.de\/index.php?rest_route=%2Fwp%2Fv2%2Fcomments&post=140"}],"version-history":[{"count":0,"href":"https:\/\/diabetes-companion.de\/index.php?rest_route=\/wp\/v2\/pages\/140\/revisions"}],"wp:attachment":[{"href":"https:\/\/diabetes-companion.de\/index.php?rest_route=%2Fwp%2Fv2%2Fmedia&parent=140"}],"curies":[{"name":"wp","href":"https:\/\/api.w.org\/{rel}","templated":true}]}}