{"id":137,"date":"2024-05-26T12:42:55","date_gmt":"2024-05-26T12:42:55","guid":{"rendered":"https:\/\/diabetes-companion.de\/?page_id=137"},"modified":"2024-06-03T10:29:20","modified_gmt":"2024-06-03T10:29:20","slug":"hardware","status":"publish","type":"page","link":"https:\/\/diabetes-companion.de\/?page_id=137","title":{"rendered":"Die vielen Helferlein"},"content":{"rendered":"\n<p>Es gibt &#8211; wissen wir &#8211; verschiedentste Typen von Menschen. Da ist der Typ, der von sich behaupten kann in Sachen Disziplin der absolute Bringer zu sein. Der sich einfach mal was vornimmt und dann sofort umsetzt. Ohne irgendwas aufzuschreiben, ohne das alles irgendwie \u201cim Auge zu behalten\u201d. Der einfach los rennt, weil er sich das so eben ausgedacht hat. OK &#8211; diese Spezies d\u00fcrfte sehr selten sein oder ist einfach hier noch nicht gelandet. Ich kenne niemanden. Dann ist da krasse Gegenteil: der Controller. Der Typ Mensch also, der ohne seine Gadgets einfach nix auf die Reihe bekommt. Und ganz ehrlich: dazu geh\u00f6re ich. Und selbst mit diesem Ausma\u00df an Planung und Kontrolle tue ich mich manchmal schwer mit meinen ganzen Pl\u00e4nen, Challenges und Vorhaben. Deshalb gilt auch hier: jeder so wie mag. Wichtig ist auch hier, dass man sich &#8211; zumindest die meiste Zeit &#8211; mit seinem Unterfangen wohlf\u00fchlt. Und das hei\u00dft immer noch in erster Linie Kampf gegen Diabetes. Dagegen ist jedes Mittel recht.<\/p>\n","protected":false},"excerpt":{"rendered":"<p>Es gibt &#8211; wissen wir &#8211; verschiedentste Typen von Menschen. Da ist der Typ, der von sich behaupten kann in Sachen Disziplin der absolute Bringer zu sein. Der sich einfach mal was vornimmt und dann sofort umsetzt. Ohne irgendwas aufzuschreiben, ohne das alles irgendwie \u201cim Auge zu behalten\u201d. Der einfach los rennt, weil er sich [&hellip;]<\/p>\n","protected":false},"author":1,"featured_media":0,"parent":0,"menu_order":0,"comment_status":"closed","ping_status":"closed","template":"","meta":{"_genesis_hide_title":false,"_genesis_hide_breadcrumbs":false,"_genesis_hide_singular_image":false,"_genesis_hide_footer_widgets":false,"_genesis_custom_body_class":"","_genesis_custom_post_class":"","_genesis_layout":"","footnotes":""},"class_list":{"0":"post-137","1":"page","2":"type-page","3":"status-publish","5":"entry"},"yoast_head":"<!-- This site is optimized with the Yoast SEO plugin v23.8 - https:\/\/yoast.com\/wordpress\/plugins\/seo\/ -->\n<title>Die vielen Helferlein - Diabetes-Companion<\/title>\n<meta name=\"robots\" content=\"index, follow, max-snippet:-1, max-image-preview:large, max-video-preview:-1\" \/>\n<link rel=\"canonical\" href=\"https:\/\/diabetes-companion.de\/?page_id=137\" \/>\n<meta property=\"og:locale\" content=\"de_DE\" \/>\n<meta property=\"og:type\" content=\"article\" \/>\n<meta property=\"og:title\" content=\"Die vielen Helferlein - Diabetes-Companion\" \/>\n<meta property=\"og:description\" content=\"Es gibt &#8211; wissen wir &#8211; verschiedentste Typen von Menschen. Da ist der Typ, der von sich behaupten kann in Sachen Disziplin der absolute Bringer zu sein. Der sich einfach mal was vornimmt und dann sofort umsetzt. Ohne irgendwas aufzuschreiben, ohne das alles irgendwie \u201cim Auge zu behalten\u201d. Der einfach los rennt, weil er sich [&hellip;]\" \/>\n<meta property=\"og:url\" content=\"https:\/\/diabetes-companion.de\/?page_id=137\" \/>\n<meta property=\"og:site_name\" content=\"Diabetes-Companion\" \/>\n<meta property=\"article:modified_time\" content=\"2024-06-03T10:29:20+00:00\" \/>\n<meta name=\"twitter:card\" content=\"summary_large_image\" \/>\n<meta name=\"twitter:label1\" content=\"Gesch\u00e4tzte Lesezeit\" \/>\n\t<meta name=\"twitter:data1\" content=\"1\u00a0Minute\" \/>\n<script type=\"application\/ld+json\" class=\"yoast-schema-graph\">{\"@context\":\"https:\/\/schema.org\",\"@graph\":[{\"@type\":\"WebPage\",\"@id\":\"https:\/\/diabetes-companion.de\/?page_id=137\",\"url\":\"https:\/\/diabetes-companion.de\/?page_id=137\",\"name\":\"Die vielen Helferlein - Diabetes-Companion\",\"isPartOf\":{\"@id\":\"https:\/\/diabetes-companion.de\/#website\"},\"datePublished\":\"2024-05-26T12:42:55+00:00\",\"dateModified\":\"2024-06-03T10:29:20+00:00\",\"breadcrumb\":{\"@id\":\"https:\/\/diabetes-companion.de\/?page_id=137#breadcrumb\"},\"inLanguage\":\"de\",\"potentialAction\":[{\"@type\":\"ReadAction\",\"target\":[\"https:\/\/diabetes-companion.de\/?page_id=137\"]}]},{\"@type\":\"BreadcrumbList\",\"@id\":\"https:\/\/diabetes-companion.de\/?page_id=137#breadcrumb\",\"itemListElement\":[{\"@type\":\"ListItem\",\"position\":1,\"name\":\"Startseite\",\"item\":\"https:\/\/diabetes-companion.de\/\"},{\"@type\":\"ListItem\",\"position\":2,\"name\":\"Die vielen Helferlein\"}]},{\"@type\":\"WebSite\",\"@id\":\"https:\/\/diabetes-companion.de\/#website\",\"url\":\"https:\/\/diabetes-companion.de\/\",\"name\":\"Diabetes-Companion\",\"description\":\"... und trotzdem Spass\",\"publisher\":{\"@id\":\"https:\/\/diabetes-companion.de\/#organization\"},\"potentialAction\":[{\"@type\":\"SearchAction\",\"target\":{\"@type\":\"EntryPoint\",\"urlTemplate\":\"https:\/\/diabetes-companion.de\/?s={search_term_string}\"},\"query-input\":{\"@type\":\"PropertyValueSpecification\",\"valueRequired\":true,\"valueName\":\"search_term_string\"}}],\"inLanguage\":\"de\"},{\"@type\":\"Organization\",\"@id\":\"https:\/\/diabetes-companion.de\/#organization\",\"name\":\"Diabetes-Companion\",\"url\":\"https:\/\/diabetes-companion.de\/\",\"logo\":{\"@type\":\"ImageObject\",\"inLanguage\":\"de\",\"@id\":\"https:\/\/diabetes-companion.de\/#\/schema\/logo\/image\/\",\"url\":\"https:\/\/diabetes-companion.de\/wp-content\/uploads\/2024\/12\/cropped-dc_header_banner-1.png\",\"contentUrl\":\"https:\/\/diabetes-companion.de\/wp-content\/uploads\/2024\/12\/cropped-dc_header_banner-1.png\",\"width\":800,\"height\":83,\"caption\":\"Diabetes-Companion\"},\"image\":{\"@id\":\"https:\/\/diabetes-companion.de\/#\/schema\/logo\/image\/\"}}]}<\/script>\n<!-- \/ Yoast SEO plugin. -->","yoast_head_json":{"title":"Die vielen Helferlein - Diabetes-Companion","robots":{"index":"index","follow":"follow","max-snippet":"max-snippet:-1","max-image-preview":"max-image-preview:large","max-video-preview":"max-video-preview:-1"},"canonical":"https:\/\/diabetes-companion.de\/?page_id=137","og_locale":"de_DE","og_type":"article","og_title":"Die vielen Helferlein - Diabetes-Companion","og_description":"Es gibt &#8211; wissen wir &#8211; verschiedentste Typen von Menschen. Da ist der Typ, der von sich behaupten kann in Sachen Disziplin der absolute Bringer zu sein. Der sich einfach mal was vornimmt und dann sofort umsetzt. Ohne irgendwas aufzuschreiben, ohne das alles irgendwie \u201cim Auge zu behalten\u201d. Der einfach los rennt, weil er sich [&hellip;]","og_url":"https:\/\/diabetes-companion.de\/?page_id=137","og_site_name":"Diabetes-Companion","article_modified_time":"2024-06-03T10:29:20+00:00","twitter_card":"summary_large_image","twitter_misc":{"Gesch\u00e4tzte Lesezeit":"1\u00a0Minute"},"schema":{"@context":"https:\/\/schema.org","@graph":[{"@type":"WebPage","@id":"https:\/\/diabetes-companion.de\/?page_id=137","url":"https:\/\/diabetes-companion.de\/?page_id=137","name":"Die vielen Helferlein - Diabetes-Companion","isPartOf":{"@id":"https:\/\/diabetes-companion.de\/#website"},"datePublished":"2024-05-26T12:42:55+00:00","dateModified":"2024-06-03T10:29:20+00:00","breadcrumb":{"@id":"https:\/\/diabetes-companion.de\/?page_id=137#breadcrumb"},"inLanguage":"de","potentialAction":[{"@type":"ReadAction","target":["https:\/\/diabetes-companion.de\/?page_id=137"]}]},{"@type":"BreadcrumbList","@id":"https:\/\/diabetes-companion.de\/?page_id=137#breadcrumb","itemListElement":[{"@type":"ListItem","position":1,"name":"Startseite","item":"https:\/\/diabetes-companion.de\/"},{"@type":"ListItem","position":2,"name":"Die vielen Helferlein"}]},{"@type":"WebSite","@id":"https:\/\/diabetes-companion.de\/#website","url":"https:\/\/diabetes-companion.de\/","name":"Diabetes-Companion","description":"... und trotzdem Spass","publisher":{"@id":"https:\/\/diabetes-companion.de\/#organization"},"potentialAction":[{"@type":"SearchAction","target":{"@type":"EntryPoint","urlTemplate":"https:\/\/diabetes-companion.de\/?s={search_term_string}"},"query-input":{"@type":"PropertyValueSpecification","valueRequired":true,"valueName":"search_term_string"}}],"inLanguage":"de"},{"@type":"Organization","@id":"https:\/\/diabetes-companion.de\/#organization","name":"Diabetes-Companion","url":"https:\/\/diabetes-companion.de\/","logo":{"@type":"ImageObject","inLanguage":"de","@id":"https:\/\/diabetes-companion.de\/#\/schema\/logo\/image\/","url":"https:\/\/diabetes-companion.de\/wp-content\/uploads\/2024\/12\/cropped-dc_header_banner-1.png","contentUrl":"https:\/\/diabetes-companion.de\/wp-content\/uploads\/2024\/12\/cropped-dc_header_banner-1.png","width":800,"height":83,"caption":"Diabetes-Companion"},"image":{"@id":"https:\/\/diabetes-companion.de\/#\/schema\/logo\/image\/"}}]}},"featured_image_src":null,"featured_image_src_square":null,"_links":{"self":[{"href":"https:\/\/diabetes-companion.de\/index.php?rest_route=\/wp\/v2\/pages\/137","targetHints":{"allow":["GET"]}}],"collection":[{"href":"https:\/\/diabetes-companion.de\/index.php?rest_route=\/wp\/v2\/pages"}],"about":[{"href":"https:\/\/diabetes-companion.de\/index.php?rest_route=\/wp\/v2\/types\/page"}],"author":[{"embeddable":true,"href":"https:\/\/diabetes-companion.de\/index.php?rest_route=\/wp\/v2\/users\/1"}],"replies":[{"embeddable":true,"href":"https:\/\/diabetes-companion.de\/index.php?rest_route=%2Fwp%2Fv2%2Fcomments&post=137"}],"version-history":[{"count":0,"href":"https:\/\/diabetes-companion.de\/index.php?rest_route=\/wp\/v2\/pages\/137\/revisions"}],"wp:attachment":[{"href":"https:\/\/diabetes-companion.de\/index.php?rest_route=%2Fwp%2Fv2%2Fmedia&parent=137"}],"curies":[{"name":"wp","href":"https:\/\/api.w.org\/{rel}","templated":true}]}}