{"id":114,"date":"2024-05-19T14:39:37","date_gmt":"2024-05-19T14:39:37","guid":{"rendered":"https:\/\/diabetes-companion.de\/?page_id=114"},"modified":"2024-12-23T15:47:07","modified_gmt":"2024-12-23T14:47:07","slug":"historie","status":"publish","type":"page","link":"https:\/\/diabetes-companion.de\/?page_id=114","title":{"rendered":"Historie"},"content":{"rendered":"\n<p>Es war ein Leben, das nichts ausgelassen hat. Eine einzige rauschende Party. Viel Alkohol, noch mehr Nikotin. \u00dcber Jahrzehnte. Vereinzelt kam der eine oder andere Gedanke der Besorgnis durch. Aber die Party war deutlich einfacher, deutlich angenehmer als jede andere denkbare Alternative.<\/p>\n\n\n\n<h2 class=\"wp-block-heading\">Konkret<\/h2>\n\n\n\n<p>Kennen Sie das auch? Es geht Richtung Feierabend! Durst! Wie bekommt man den weg? Jetzt sagen Sie nicht Wasser. Blumen m\u00f6gen das \u2013 nichts f\u00fcr mich. Was tue ich dagegen? Gin, Rotwein oder doch besser Whiskey? Ich entscheide mich f\u00fcr Rotwein. Norma liegt auf dem Weg. Die haben einen halbwegs genie\u00dfbaren Amarone-Verschnitt. Kriegste f\u00fcr 5 EUR, 14 % Alkohol \u2013 gute Entscheidung, zumindest f\u00fcr mein damaliges Ich. Und ja: Zwei Flaschen m\u00fcssen es schon sein. Darunter ist das sinnlos. Dazu eine leckere TK-Pizza mit einer richtig sch\u00f6nen Ladung K\u00e4se, Schmelzk\u00e4se nach M\u00f6glichkeit. So sieht das Ganze also aus. Fast t\u00e4glich! Von der Pizza mal abgesehen. Gut, das konnte nicht sein. Vor allem nicht die Tatsache, dass ich das nur schon seit Jahren so praktiziere.<\/p>\n\n\n\n<h2 class=\"wp-block-heading\">Corona<\/h2>\n\n\n\n<p>Dann kommt es gesundheitlich pl\u00f6tzlich verdammt dick. Die Corona-Impfung hat mich niedergestreckt. So, dass ich auf jeden Fall zum Arzt muss. Da lie\u00df sich auch eine Blutentnahme nicht vermeiden. Und ein Blutzuckertest. Der hat die Laborantin dezent geschockt. \u00dcber 380 mg\/dl zeigte das kleine Ger\u00e4t an. Die Obergrenze bei Erwachsenen liegt so bei etwa 110. Dezent zu viel also. Das nutzte die \u00c4rztin gleich, um mich in enger Zusammenarbeit mit meiner Frau zu einem Check-Up zu \u00fcberreden. Hier k\u00f6nnen wir dann ein wenig abk\u00fcrzen: Das Ergebnis war schlicht eine Katastrophe.<\/p>\n\n\n\n<h2 class=\"wp-block-heading\">Mach was&#8230;<\/h2>\n\n\n\n<p>Das war denn auch mein erster \u201eMach Was\u201c-Moment. So m\u00f6chte ich das mal nennen. Denn: Zum einen war das nicht der letzte Weckruf dieser Art, zum anderen war das \u201eWas\u201c etwas zu schwammig und gleichzeitig inkonsequent definiert. Aber ich habe mir M\u00fche gegeben. Beginnen wir mal mit der Pizza: Nur noch einmal die Woche \u2013 der Extra-K\u00e4se blieb im Programm. \u00c4hnliches galt erst mal f\u00fcr alkoholische Getr\u00e4nke. Auf einen Tag in der Woche beschr\u00e4nkt \u2013 zumindest versucht. Das ging ein paar Monate sogar relativ gut. Die Zigaretten wurden durch eine Dampfe ersetzt. Schrittweise hatte ich das dann komplett eingestellt. Nicht ganz freiwillig. Durch die Krankheit meiner Frau war hier volle Solidarit\u00e4t angesagt. Eine zus\u00e4tzliche Motivation, die da mit Sicherheit weitergeholfen hat. Ich kann allerdings die Dampfe als Alternative zur echten Zigarette empfehlen, wenn man aufh\u00f6ren will. Auf Dauer ist auch das nicht das Wahre. Also nach M\u00f6glichkeit so schnell wie m\u00f6glich ganz sein lassen.<\/p>\n\n\n\n<h2 class=\"wp-block-heading\">Es hat nicht gereicht<\/h2>\n\n\n\n<p>Schleichend wurde das Ganze dann wieder schlechter. Mit steigender Unzufriedenheit im Job und dem Frust wegen der Krankheit meiner Frau bin ich zumindest bez\u00fcglich Alkohol und Pizza z\u00fcgig wieder bei meinen alten Gewohnheiten gelandet. Nur dass die Schlagzahl erh\u00f6ht wurde: Pizza und \u00e4hnlichen Dreck mehrmals die Woche, nahezu t\u00e4glich zwei Flaschen Wein oder eine Flasche Gin. An manchen Tagen wurde aus dem \u201eoder\u201c sogar ein \u201eund\u201c. Der traurige H\u00f6hepunkt war dann an Weihnachten 2022 erreicht. Mir war klar geworden, dass ich nicht gerade auf dem besten Weg war. Fig\u00fcrlich war ich mit knapp 120 kg wieder dezent adip\u00f6s und in Bezug auf Alkohol l\u00e4ngst der Sucht verfallen. Also, was tun?<\/p>\n\n\n\n<h2 class=\"wp-block-heading\">Erkenntnis<\/h2>\n\n\n\n<p>Mir wurde klar, dass jetzt nur noch zwei M\u00f6glichkeiten im Raum standen: so weitermachen und sich selbst komplett ruinieren oder? Oder eine radikale Kehrtwende in jeder Hinsicht hinlegen. Letzteres versprach eine verdammt harte Nummer: kein Alkohol, extreme Ern\u00e4hrungsumstellung und viel Bewegung. Drei Dinge, die bisher in meinem Leben nicht stattgefunden haben. Aber auch eine massive Herausforderung. Einfach auch mal etwas v\u00f6llig Neues, k\u00f6nnte man also mal ausprobieren. Und: Ruinieren war einfach keine Alternative. Also \u2013 Gem\u00fcse, Gewichte, Laufband und Wasser. Klingt grausam, und das ist es erst mal auch. Grausam, einfach nur grausam. Und so ganz ohne irgendwelche mentalen Spielereien und digitale Gadgets geht das alles auch nicht ab. Zumindest nicht bei einem Nerd wie mir. Das und mehr wird in diesem Blog erz\u00e4hlt. In der Hoffnung, dem geneigten Leser Hoffnung machen zu k\u00f6nnen. Und um dem geneigten Leser zu vermitteln: Es ist nie zu sp\u00e4t, greifen Sie an. Ziehen Sie\u2019s durch, es lohnt sich.<\/p>\n","protected":false},"excerpt":{"rendered":"<p>Es war ein Leben, das nichts ausgelassen hat. Eine einzige rauschende Party. Viel Alkohol, noch mehr Nikotin. \u00dcber Jahrzehnte. Vereinzelt kam der eine oder andere Gedanke der Besorgnis durch. Aber die Party war deutlich einfacher, deutlich angenehmer als jede andere denkbare Alternative. Konkret Kennen Sie das auch? Es geht Richtung Feierabend! Durst! Wie bekommt man [&hellip;]<\/p>\n","protected":false},"author":1,"featured_media":0,"parent":0,"menu_order":0,"comment_status":"closed","ping_status":"closed","template":"","meta":{"_genesis_hide_title":false,"_genesis_hide_breadcrumbs":false,"_genesis_hide_singular_image":false,"_genesis_hide_footer_widgets":false,"_genesis_custom_body_class":"","_genesis_custom_post_class":"","_genesis_layout":"","footnotes":""},"class_list":{"0":"post-114","1":"page","2":"type-page","3":"status-publish","5":"entry"},"yoast_head":"<!-- This site is optimized with the Yoast SEO plugin v23.8 - https:\/\/yoast.com\/wordpress\/plugins\/seo\/ -->\n<title>Historie - Diabetes-Companion<\/title>\n<meta name=\"description\" content=\"Es war ein Leben, das nichts ausgelassen hat. Eine einzige rauschende Party. Viel Alkohol, noch mehr Nikotin. \u00dcber Jahrzehnte.\" \/>\n<meta name=\"robots\" content=\"index, follow, max-snippet:-1, max-image-preview:large, max-video-preview:-1\" \/>\n<link rel=\"canonical\" href=\"https:\/\/diabetes-companion.de\/?page_id=114\" \/>\n<meta property=\"og:locale\" content=\"de_DE\" \/>\n<meta property=\"og:type\" content=\"article\" \/>\n<meta property=\"og:title\" content=\"Historie - Diabetes-Companion\" \/>\n<meta property=\"og:description\" content=\"Es war ein Leben, das nichts ausgelassen hat. Eine einzige rauschende Party. Viel Alkohol, noch mehr Nikotin. \u00dcber Jahrzehnte.\" \/>\n<meta property=\"og:url\" content=\"https:\/\/diabetes-companion.de\/?page_id=114\" \/>\n<meta property=\"og:site_name\" content=\"Diabetes-Companion\" \/>\n<meta property=\"article:modified_time\" content=\"2024-12-23T14:47:07+00:00\" \/>\n<meta name=\"twitter:card\" content=\"summary_large_image\" \/>\n<meta name=\"twitter:label1\" content=\"Gesch\u00e4tzte Lesezeit\" \/>\n\t<meta name=\"twitter:data1\" content=\"4\u00a0Minuten\" \/>\n<script type=\"application\/ld+json\" class=\"yoast-schema-graph\">{\"@context\":\"https:\/\/schema.org\",\"@graph\":[{\"@type\":\"WebPage\",\"@id\":\"https:\/\/diabetes-companion.de\/?page_id=114\",\"url\":\"https:\/\/diabetes-companion.de\/?page_id=114\",\"name\":\"Historie - Diabetes-Companion\",\"isPartOf\":{\"@id\":\"https:\/\/diabetes-companion.de\/#website\"},\"datePublished\":\"2024-05-19T14:39:37+00:00\",\"dateModified\":\"2024-12-23T14:47:07+00:00\",\"description\":\"Es war ein Leben, das nichts ausgelassen hat. Eine einzige rauschende Party. Viel Alkohol, noch mehr Nikotin. \u00dcber Jahrzehnte.\",\"breadcrumb\":{\"@id\":\"https:\/\/diabetes-companion.de\/?page_id=114#breadcrumb\"},\"inLanguage\":\"de\",\"potentialAction\":[{\"@type\":\"ReadAction\",\"target\":[\"https:\/\/diabetes-companion.de\/?page_id=114\"]}]},{\"@type\":\"BreadcrumbList\",\"@id\":\"https:\/\/diabetes-companion.de\/?page_id=114#breadcrumb\",\"itemListElement\":[{\"@type\":\"ListItem\",\"position\":1,\"name\":\"Startseite\",\"item\":\"https:\/\/diabetes-companion.de\/\"},{\"@type\":\"ListItem\",\"position\":2,\"name\":\"Historie\"}]},{\"@type\":\"WebSite\",\"@id\":\"https:\/\/diabetes-companion.de\/#website\",\"url\":\"https:\/\/diabetes-companion.de\/\",\"name\":\"Diabetes-Companion\",\"description\":\"... und trotzdem Spass\",\"publisher\":{\"@id\":\"https:\/\/diabetes-companion.de\/#organization\"},\"potentialAction\":[{\"@type\":\"SearchAction\",\"target\":{\"@type\":\"EntryPoint\",\"urlTemplate\":\"https:\/\/diabetes-companion.de\/?s={search_term_string}\"},\"query-input\":{\"@type\":\"PropertyValueSpecification\",\"valueRequired\":true,\"valueName\":\"search_term_string\"}}],\"inLanguage\":\"de\"},{\"@type\":\"Organization\",\"@id\":\"https:\/\/diabetes-companion.de\/#organization\",\"name\":\"Diabetes-Companion\",\"url\":\"https:\/\/diabetes-companion.de\/\",\"logo\":{\"@type\":\"ImageObject\",\"inLanguage\":\"de\",\"@id\":\"https:\/\/diabetes-companion.de\/#\/schema\/logo\/image\/\",\"url\":\"https:\/\/diabetes-companion.de\/wp-content\/uploads\/2024\/12\/cropped-dc_header_banner-1.png\",\"contentUrl\":\"https:\/\/diabetes-companion.de\/wp-content\/uploads\/2024\/12\/cropped-dc_header_banner-1.png\",\"width\":800,\"height\":83,\"caption\":\"Diabetes-Companion\"},\"image\":{\"@id\":\"https:\/\/diabetes-companion.de\/#\/schema\/logo\/image\/\"}}]}<\/script>\n<!-- \/ Yoast SEO plugin. -->","yoast_head_json":{"title":"Historie - Diabetes-Companion","description":"Es war ein Leben, das nichts ausgelassen hat. Eine einzige rauschende Party. Viel Alkohol, noch mehr Nikotin. \u00dcber Jahrzehnte.","robots":{"index":"index","follow":"follow","max-snippet":"max-snippet:-1","max-image-preview":"max-image-preview:large","max-video-preview":"max-video-preview:-1"},"canonical":"https:\/\/diabetes-companion.de\/?page_id=114","og_locale":"de_DE","og_type":"article","og_title":"Historie - Diabetes-Companion","og_description":"Es war ein Leben, das nichts ausgelassen hat. Eine einzige rauschende Party. Viel Alkohol, noch mehr Nikotin. \u00dcber Jahrzehnte.","og_url":"https:\/\/diabetes-companion.de\/?page_id=114","og_site_name":"Diabetes-Companion","article_modified_time":"2024-12-23T14:47:07+00:00","twitter_card":"summary_large_image","twitter_misc":{"Gesch\u00e4tzte Lesezeit":"4\u00a0Minuten"},"schema":{"@context":"https:\/\/schema.org","@graph":[{"@type":"WebPage","@id":"https:\/\/diabetes-companion.de\/?page_id=114","url":"https:\/\/diabetes-companion.de\/?page_id=114","name":"Historie - Diabetes-Companion","isPartOf":{"@id":"https:\/\/diabetes-companion.de\/#website"},"datePublished":"2024-05-19T14:39:37+00:00","dateModified":"2024-12-23T14:47:07+00:00","description":"Es war ein Leben, das nichts ausgelassen hat. Eine einzige rauschende Party. Viel Alkohol, noch mehr Nikotin. \u00dcber Jahrzehnte.","breadcrumb":{"@id":"https:\/\/diabetes-companion.de\/?page_id=114#breadcrumb"},"inLanguage":"de","potentialAction":[{"@type":"ReadAction","target":["https:\/\/diabetes-companion.de\/?page_id=114"]}]},{"@type":"BreadcrumbList","@id":"https:\/\/diabetes-companion.de\/?page_id=114#breadcrumb","itemListElement":[{"@type":"ListItem","position":1,"name":"Startseite","item":"https:\/\/diabetes-companion.de\/"},{"@type":"ListItem","position":2,"name":"Historie"}]},{"@type":"WebSite","@id":"https:\/\/diabetes-companion.de\/#website","url":"https:\/\/diabetes-companion.de\/","name":"Diabetes-Companion","description":"... und trotzdem Spass","publisher":{"@id":"https:\/\/diabetes-companion.de\/#organization"},"potentialAction":[{"@type":"SearchAction","target":{"@type":"EntryPoint","urlTemplate":"https:\/\/diabetes-companion.de\/?s={search_term_string}"},"query-input":{"@type":"PropertyValueSpecification","valueRequired":true,"valueName":"search_term_string"}}],"inLanguage":"de"},{"@type":"Organization","@id":"https:\/\/diabetes-companion.de\/#organization","name":"Diabetes-Companion","url":"https:\/\/diabetes-companion.de\/","logo":{"@type":"ImageObject","inLanguage":"de","@id":"https:\/\/diabetes-companion.de\/#\/schema\/logo\/image\/","url":"https:\/\/diabetes-companion.de\/wp-content\/uploads\/2024\/12\/cropped-dc_header_banner-1.png","contentUrl":"https:\/\/diabetes-companion.de\/wp-content\/uploads\/2024\/12\/cropped-dc_header_banner-1.png","width":800,"height":83,"caption":"Diabetes-Companion"},"image":{"@id":"https:\/\/diabetes-companion.de\/#\/schema\/logo\/image\/"}}]}},"featured_image_src":null,"featured_image_src_square":null,"_links":{"self":[{"href":"https:\/\/diabetes-companion.de\/index.php?rest_route=\/wp\/v2\/pages\/114","targetHints":{"allow":["GET"]}}],"collection":[{"href":"https:\/\/diabetes-companion.de\/index.php?rest_route=\/wp\/v2\/pages"}],"about":[{"href":"https:\/\/diabetes-companion.de\/index.php?rest_route=\/wp\/v2\/types\/page"}],"author":[{"embeddable":true,"href":"https:\/\/diabetes-companion.de\/index.php?rest_route=\/wp\/v2\/users\/1"}],"replies":[{"embeddable":true,"href":"https:\/\/diabetes-companion.de\/index.php?rest_route=%2Fwp%2Fv2%2Fcomments&post=114"}],"version-history":[{"count":0,"href":"https:\/\/diabetes-companion.de\/index.php?rest_route=\/wp\/v2\/pages\/114\/revisions"}],"wp:attachment":[{"href":"https:\/\/diabetes-companion.de\/index.php?rest_route=%2Fwp%2Fv2%2Fmedia&parent=114"}],"curies":[{"name":"wp","href":"https:\/\/api.w.org\/{rel}","templated":true}]}}